{"id":66,"date":"2024-06-18T20:09:16","date_gmt":"2024-06-18T18:09:16","guid":{"rendered":"https:\/\/hebronlogistic.com\/?page_id=66"},"modified":"2024-11-18T22:58:54","modified_gmt":"2024-11-18T21:58:54","slug":"almacenaje","status":"publish","type":"page","link":"https:\/\/hebronlogistic.com\/en\/almacenaje\/","title":{"rendered":"Storage"},"content":{"rendered":"<p>[et_pb_section fb_built=&#8221;1&#8243; admin_label=&#8221;Features&#8221; _builder_version=&#8221;3.22&#8243; custom_padding=&#8221;0|0px|0px|0px|false|false&#8221; global_colors_info=&#8221;{}&#8221;][et_pb_row column_structure=&#8221;1_2,1_2&#8243; use_custom_gutter=&#8221;on&#8221; custom_padding_last_edited=&#8221;on|tablet&#8221; padding_top_bottom_link_2=&#8221;true&#8221; padding_left_right_link_2=&#8221;false&#8221; _builder_version=&#8221;3.25&#8243; width=&#8221;100%&#8221; max_width=&#8221;100%&#8221; module_alignment=&#8221;left&#8221; custom_margin=&#8221;|auto|-2px|auto|false|&#8221; custom_padding=&#8221;0|12%|0|0px|false|false&#8221; custom_padding_tablet=&#8221;|0%||&#8221; custom_padding_phone=&#8221;&#8221; use_custom_width=&#8221;on&#8221; width_unit=&#8221;off&#8221; custom_width_percent=&#8221;100%&#8221; locked=&#8221;off&#8221; global_colors_info=&#8221;{}&#8221;][et_pb_column type=&#8221;1_2&#8243; _builder_version=&#8221;3.25&#8243; custom_padding=&#8221;|||&#8221; global_colors_info=&#8221;{}&#8221; custom_padding__hover=&#8221;|||&#8221;][et_pb_image src=&#8221;https:\/\/hebronlogistic.com\/wp-content\/uploads\/2024\/06\/mx.jpg&#8221; title_text=&#8221;mx&#8221; force_fullwidth=&#8221;on&#8221; align_tablet=&#8221;center&#8221; align_phone=&#8221;&#8221; align_last_edited=&#8221;on|desktop&#8221; _builder_version=&#8221;4.11.2&#8243; use_background_color_gradient=&#8221;on&#8221; background_color_gradient_start=&#8221;#404451&#8243; background_color_gradient_end=&#8221;rgba(240,242,246,0)&#8221; background_color_gradient_direction=&#8221;90deg&#8221; background_color_gradient_start_position=&#8221;80%&#8221; background_color_gradient_end_position=&#8221;20%&#8221; custom_padding=&#8221;||20%|&#8221; custom_padding_tablet=&#8221;||60px|&#8221; custom_padding_phone=&#8221;&#8221; custom_padding_last_edited=&#8221;on|desktop&#8221; animation_style=&#8221;slide&#8221; animation_direction=&#8221;left&#8221; animation_intensity_slide=&#8221;1%&#8221; box_shadow_style=&#8221;preset3&#8243; box_shadow_vertical=&#8221;80px&#8221; box_shadow_blur=&#8221;80px&#8221; box_shadow_spread=&#8221;-30px&#8221; global_colors_info=&#8221;{}&#8221;][\/et_pb_image][\/et_pb_column][et_pb_column type=&#8221;1_2&#8243; _builder_version=&#8221;3.25&#8243; custom_padding=&#8221;6vw||6vw|&#8221; custom_padding_tablet=&#8221;|10%||10%|false|true&#8221; custom_padding_phone=&#8221;||||false|false&#8221; custom_padding_last_edited=&#8221;on|tablet&#8221; global_colors_info=&#8221;{}&#8221; padding_phone=&#8221;||||false|false&#8221; padding_tablet=&#8221;|10%||10%|false|true&#8221; padding_last_edited=&#8221;on|tablet&#8221; custom_padding__hover=&#8221;|||&#8221;][et_pb_text _builder_version=&#8221;4.11.2&#8243; text_font=&#8221;||||||||&#8221; text_font_size=&#8221;16px&#8221; text_line_height=&#8221;1.9em&#8221; header_font=&#8221;||||||||&#8221; header_2_font=&#8221;Playfair Display|700|||||||&#8221; header_2_font_size=&#8221;40px&#8221; header_2_line_height=&#8221;1.5em&#8221; header_6_font=&#8221;||||||||&#8221; max_width=&#8221;600px&#8221; max_width_last_edited=&#8221;off|desktop&#8221; custom_margin=&#8221;|||&#8221; custom_padding=&#8221;|||&#8221; header_2_font_size_tablet=&#8221;30px&#8221; header_2_font_size_phone=&#8221;24px&#8221; header_2_font_size_last_edited=&#8221;on|phone&#8221; locked=&#8221;off&#8221; global_colors_info=&#8221;{}&#8221;]<\/p>\n<h2>Almacenaje<\/h2>\n<p style=\"text-align: justify;\">En Hebron Hebron Logistic, ofrecemos a nuestros clientes un servicio integral que incluye instalaciones de almacenaje propias, estrat\u00e9gicamente ubicadas para optimizar el despacho de carga hacia Centroam\u00e9rica. Nuestras bodegas en Ciudad Hidalgo, Chiapas, M\u00e9xico, est\u00e1n dise\u00f1adas para proporcionar una soluci\u00f3n de acopio eficiente y segura para tus mercanc\u00edas.<\/p>\n<p style=\"text-align: justify;\">Direcci\u00f3n: Carretera Libramiento hacia el dorado s\/n ejido el campito CP 30845, Suchiate Chiapas Mexico.\u00a0<\/p>\n<p style=\"text-align: justify;\">\n<h4 style=\"text-align: justify;\"><strong>Nuestras Instalaciones<\/strong><\/h4>\n<ul style=\"text-align: justify;\">\n<li><strong>Ubicaci\u00f3n Estrat\u00e9gica<\/strong>: Nuestras bodegas est\u00e1n situadas en Ciudad Hidalgo, Chiapas, un punto clave para el tr\u00e1nsito de mercanc\u00edas hacia Centroam\u00e9rica. Esta ubicaci\u00f3n nos permite agilizar el proceso de despacho y reducir los tiempos de tr\u00e1nsito.<\/li>\n<li><strong>Espacio Amplio y Seguro<\/strong>: Contamos con 1,000 m\u00b2 de espacio de almacenaje, equipado con las m\u00e1s altas medidas de seguridad para garantizar la protecci\u00f3n de tus productos.<\/li>\n<li><strong>Punto de Acopio Importante<\/strong>: Nuestra bodega en Ciudad Hidalgo se destaca como uno de los puntos de acopio m\u00e1s importantes para el despacho de carga hacia Centroam\u00e9rica, facilitando una log\u00edstica fluida y eficiente.<\/li>\n<\/ul>\n<p style=\"text-align: justify;\">\n<h4 style=\"text-align: justify;\"><strong>Beneficios de Nuestro Servicio de Almacenaje<\/strong><\/h4>\n<ul style=\"text-align: justify;\">\n<li><strong>Optimizaci\u00f3n Log\u00edstica<\/strong>: Gracias a nuestra ubicaci\u00f3n estrat\u00e9gica, tus mercanc\u00edas se encuentran m\u00e1s cerca de su destino final, reduciendo costos y tiempos de transporte.<\/li>\n<li><strong>Seguridad Garantizada<\/strong>: Nuestras instalaciones est\u00e1n equipadas con sistemas de seguridad avanzados para asegurar que tus productos est\u00e9n protegidos en todo momento.<\/li>\n<li><strong>Flexibilidad y Capacidad<\/strong>: Con un amplio espacio de 1,000 m\u00b2, podemos manejar grandes vol\u00famenes de mercanc\u00eda, adapt\u00e1ndonos a tus necesidades espec\u00edficas de almacenamiento y distribuci\u00f3n.<\/li>\n<\/ul>\n<p style=\"text-align: justify;\">\n<h4 style=\"text-align: justify;\"><strong>Beneficios de Seguridad para su Carga<\/strong><\/h4>\n<ul style=\"text-align: justify;\">\n<li><span>C\u00e1maras digitales, con grabaci\u00f3n un mes.<\/span><\/li>\n<li><span>Seguridad predio<\/span><\/li>\n<li><span>Monitoreo<\/span><\/li>\n<li><span>Estructura calificada<\/span><\/li>\n<\/ul>\n<p style=\"text-align: justify;\"><span><\/span><\/p>\n<p style=\"text-align: justify;\"><span><\/span><\/p>\n<p style=\"text-align: justify;\"><span><\/span><\/p>\n<h4 style=\"text-align: justify;\"><strong>Como valor agregado obtendr\u00e1n:<\/strong><\/h4>\n<ul>\n<li style=\"text-align: justify;\"><span>Reportes de ingreso de carga a nuestro almac\u00e9n.<\/span><\/li>\n<li style=\"text-align: justify;\"><span>Reportes de salida de carga de nuestro almac\u00e9n.<\/span><\/li>\n<li style=\"text-align: justify;\"><span>Seguridad en el manejo de la carga.<\/span><\/li>\n<li style=\"text-align: justify;\"><span>Extensi\u00f3n de horarios operacionales a solicitud.<\/span><\/li>\n<li style=\"text-align: justify;\"><span>Equipos y personal debidamente certificados.<\/span><\/li>\n<\/ul>\n<p>[\/et_pb_text][\/et_pb_column][\/et_pb_row][\/et_pb_section][et_pb_section fb_built=&#8221;1&#8243; _builder_version=&#8221;4.11.2&#8243; _module_preset=&#8221;default&#8221; custom_padding=&#8221;2px|||||&#8221; global_colors_info=&#8221;{}&#8221;][et_pb_row _builder_version=&#8221;4.11.2&#8243; _module_preset=&#8221;default&#8221; global_colors_info=&#8221;{}&#8221;][et_pb_column type=&#8221;4_4&#8243; _builder_version=&#8221;4.11.2&#8243; _module_preset=&#8221;default&#8221; global_colors_info=&#8221;{}&#8221;][et_pb_gallery gallery_ids=&#8221;25636,25637,25638,25639&#8243; show_title_and_caption=&#8221;off&#8221; show_pagination=&#8221;off&#8221; _builder_version=&#8221;4.11.2&#8243; _module_preset=&#8221;default&#8221; global_colors_info=&#8221;{}&#8221;][\/et_pb_gallery][\/et_pb_column][\/et_pb_row][\/et_pb_section][et_pb_section fb_built=&#8221;1&#8243; custom_padding_last_edited=&#8221;on|phone&#8221; admin_label=&#8221;Workshops CTA&#8221; _builder_version=&#8221;3.22&#8243; custom_padding=&#8221;54px|0px|110px|0px|false|false&#8221; custom_padding_tablet=&#8221;&#8221; custom_padding_phone=&#8221;||60px|&#8221; global_colors_info=&#8221;{}&#8221;][et_pb_row _builder_version=&#8221;3.25&#8243; global_colors_info=&#8221;{}&#8221;][et_pb_column type=&#8221;4_4&#8243; _builder_version=&#8221;3.25&#8243; custom_padding=&#8221;|||&#8221; global_colors_info=&#8221;{}&#8221; custom_padding__hover=&#8221;|||&#8221;][et_pb_cta title=&#8221;Somos tus aliados logisticos&#8221; button_url=&#8221;https:\/\/hebronlogistic.com\/contacto\/&#8221; button_text=&#8221;Contactar&#8221; admin_label=&#8221;CTA&#8221; _builder_version=&#8221;4.11.2&#8243; header_font=&#8221;Playfair Display|700|||||||&#8221; header_font_size=&#8221;40px&#8221; header_line_height=&#8221;1.5em&#8221; body_font=&#8221;||||||||&#8221; body_font_size=&#8221;16px&#8221; body_line_height=&#8221;1.9em&#8221; background_color=&#8221;#140e64&#8243; custom_button=&#8221;on&#8221; button_text_size=&#8221;16px&#8221; button_text_color=&#8221;#ffffff&#8221; button_bg_color=&#8221;rgba(255,255,255,0.1)&#8221; button_border_width=&#8221;10px&#8221; button_border_color=&#8221;rgba(210,159,104,0)&#8221; button_border_radius=&#8221;100px&#8221; button_font=&#8221;Lato|900|||||||&#8221; button_use_icon=&#8221;off&#8221; max_width=&#8221;900px&#8221; max_width_last_edited=&#8221;off|desktop&#8221; module_alignment=&#8221;center&#8221; custom_margin=&#8221;|||&#8221; custom_padding=&#8221;60px|40px|60px|40px|true|true&#8221; animation_style=&#8221;zoom&#8221; animation_intensity_zoom=&#8221;2%&#8221; header_font_size_tablet=&#8221;30px&#8221; header_font_size_phone=&#8221;24px&#8221; header_font_size_last_edited=&#8221;on|phone&#8221; box_shadow_style=&#8221;preset3&#8243; box_shadow_vertical=&#8221;100px&#8221; box_shadow_blur=&#8221;100px&#8221; box_shadow_spread=&#8221;-60px&#8221; button_text_color_hover=&#8221;#3550a0&#8243; button_bg_color_hover=&#8221;#ffffff&#8221; global_colors_info=&#8221;{}&#8221; button_text_size__hover_enabled=&#8221;off&#8221; button_one_text_size__hover_enabled=&#8221;off&#8221; button_two_text_size__hover_enabled=&#8221;off&#8221; button_text_color__hover_enabled=&#8221;on&#8221; button_text_color__hover=&#8221;#3550a0&#8243; button_one_text_color__hover_enabled=&#8221;off&#8221; button_two_text_color__hover_enabled=&#8221;off&#8221; button_border_width__hover_enabled=&#8221;off&#8221; button_one_border_width__hover_enabled=&#8221;off&#8221; button_two_border_width__hover_enabled=&#8221;off&#8221; button_border_color__hover_enabled=&#8221;off&#8221; button_one_border_color__hover_enabled=&#8221;off&#8221; button_two_border_color__hover_enabled=&#8221;off&#8221; button_border_radius__hover_enabled=&#8221;off&#8221; button_one_border_radius__hover_enabled=&#8221;off&#8221; button_two_border_radius__hover_enabled=&#8221;off&#8221; button_letter_spacing__hover_enabled=&#8221;off&#8221; button_one_letter_spacing__hover_enabled=&#8221;off&#8221; button_two_letter_spacing__hover_enabled=&#8221;off&#8221; button_bg_color__hover_enabled=&#8221;on&#8221; button_bg_color__hover=&#8221;#ffffff&#8221; button_one_bg_color__hover_enabled=&#8221;off&#8221; button_two_bg_color__hover_enabled=&#8221;off&#8221;]<\/p>\n<p style=\"text-align: justify;\">En Hebron Logistic, somos expertos en transporte de carga internacional, ofreciendo soluciones integrales para tus necesidades log\u00edsticas. Ya sea por tierra, aire o mar, garantizamos la entrega segura y puntual de tu mercanc\u00eda a cualquier destino global. Con nuestro enfoque personalizado y una red de socios estrat\u00e9gicos, facilitamos el comercio internacional y aseguramos que tu negocio siga avanzando sin fronteras.<\/p>\n<p>[\/et_pb_cta][\/et_pb_column][\/et_pb_row][\/et_pb_section]<\/p>\n","protected":false},"excerpt":{"rendered":"<p>Almacenaje En Hebron Hebron Logistic, ofrecemos a nuestros clientes un servicio integral que incluye instalaciones de almacenaje propias, estrat\u00e9gicamente ubicadas para optimizar el despacho de carga hacia Centroam\u00e9rica. Nuestras bodegas en Ciudad Hidalgo, Chiapas, M\u00e9xico, est\u00e1n dise\u00f1adas para proporcionar una soluci\u00f3n de acopio eficiente y segura para tus mercanc\u00edas. Direcci\u00f3n: Carretera Libramiento hacia el dorado [&hellip;]<\/p>\n","protected":false},"author":2,"featured_media":0,"parent":0,"menu_order":0,"comment_status":"closed","ping_status":"closed","template":"","meta":{"_et_pb_use_builder":"on","_et_pb_old_content":"","_et_gb_content_width":"","footnotes":""},"class_list":["post-66","page","type-page","status-publish","hentry"],"aioseo_notices":[],"_links":{"self":[{"href":"https:\/\/hebronlogistic.com\/en\/wp-json\/wp\/v2\/pages\/66","targetHints":{"allow":["GET"]}}],"collection":[{"href":"https:\/\/hebronlogistic.com\/en\/wp-json\/wp\/v2\/pages"}],"about":[{"href":"https:\/\/hebronlogistic.com\/en\/wp-json\/wp\/v2\/types\/page"}],"author":[{"embeddable":true,"href":"https:\/\/hebronlogistic.com\/en\/wp-json\/wp\/v2\/users\/2"}],"replies":[{"embeddable":true,"href":"https:\/\/hebronlogistic.com\/en\/wp-json\/wp\/v2\/comments?post=66"}],"version-history":[{"count":6,"href":"https:\/\/hebronlogistic.com\/en\/wp-json\/wp\/v2\/pages\/66\/revisions"}],"predecessor-version":[{"id":25690,"href":"https:\/\/hebronlogistic.com\/en\/wp-json\/wp\/v2\/pages\/66\/revisions\/25690"}],"wp:attachment":[{"href":"https:\/\/hebronlogistic.com\/en\/wp-json\/wp\/v2\/media?parent=66"}],"curies":[{"name":"wp","href":"https:\/\/api.w.org\/{rel}","templated":true}]}}