{"id":65,"date":"2024-06-18T20:09:10","date_gmt":"2024-06-18T18:09:10","guid":{"rendered":"https:\/\/hebronlogistic.com\/?page_id=65"},"modified":"2024-06-26T19:31:36","modified_gmt":"2024-06-26T17:31:36","slug":"poliza-de-seguros","status":"publish","type":"page","link":"https:\/\/hebronlogistic.com\/en\/poliza-de-seguros\/","title":{"rendered":"Insurance policy"},"content":{"rendered":"<p>[et_pb_section fb_built=&#8221;1&#8243; admin_label=&#8221;Features&#8221; _builder_version=&#8221;3.22&#8243; custom_padding=&#8221;0|0px|0px|0px|false|false&#8221; global_colors_info=&#8221;{}&#8221;][et_pb_row column_structure=&#8221;1_2,1_2&#8243; use_custom_gutter=&#8221;on&#8221; custom_padding_last_edited=&#8221;on|tablet&#8221; padding_top_bottom_link_2=&#8221;true&#8221; padding_left_right_link_2=&#8221;false&#8221; _builder_version=&#8221;3.25&#8243; width=&#8221;100%&#8221; max_width=&#8221;100%&#8221; module_alignment=&#8221;left&#8221; custom_margin=&#8221;||40px||false&#8221; custom_padding=&#8221;0|12%|0|0px|false|false&#8221; custom_padding_tablet=&#8221;|0%||&#8221; custom_padding_phone=&#8221;&#8221; use_custom_width=&#8221;on&#8221; width_unit=&#8221;off&#8221; custom_width_percent=&#8221;100%&#8221; locked=&#8221;off&#8221; global_colors_info=&#8221;{}&#8221;][et_pb_column type=&#8221;1_2&#8243; _builder_version=&#8221;3.25&#8243; custom_padding=&#8221;|||&#8221; global_colors_info=&#8221;{}&#8221; custom_padding__hover=&#8221;|||&#8221;][et_pb_image src=&#8221;https:\/\/hebronlogistic.com\/wp-content\/uploads\/2024\/06\/2-1.jpg&#8221; title_text=&#8221;2&#8243; force_fullwidth=&#8221;on&#8221; align_tablet=&#8221;center&#8221; align_phone=&#8221;&#8221; align_last_edited=&#8221;on|desktop&#8221; _builder_version=&#8221;4.11.2&#8243; use_background_color_gradient=&#8221;on&#8221; background_color_gradient_start=&#8221;#404451&#8243; background_color_gradient_end=&#8221;rgba(240,242,246,0)&#8221; background_color_gradient_direction=&#8221;90deg&#8221; background_color_gradient_start_position=&#8221;80%&#8221; background_color_gradient_end_position=&#8221;20%&#8221; custom_padding=&#8221;||20%|&#8221; custom_padding_tablet=&#8221;||60px|&#8221; custom_padding_phone=&#8221;&#8221; custom_padding_last_edited=&#8221;on|desktop&#8221; animation_style=&#8221;slide&#8221; animation_direction=&#8221;left&#8221; animation_intensity_slide=&#8221;1%&#8221; hover_enabled=&#8221;0&#8243; box_shadow_style=&#8221;preset3&#8243; box_shadow_vertical=&#8221;80px&#8221; box_shadow_blur=&#8221;80px&#8221; box_shadow_spread=&#8221;-30px&#8221; global_colors_info=&#8221;{}&#8221; sticky_enabled=&#8221;0&#8243;][\/et_pb_image][\/et_pb_column][et_pb_column type=&#8221;1_2&#8243; _builder_version=&#8221;3.25&#8243; custom_padding=&#8221;6vw||6vw|&#8221; custom_padding_tablet=&#8221;|10%||10%|false|true&#8221; custom_padding_phone=&#8221;||||false|false&#8221; custom_padding_last_edited=&#8221;on|tablet&#8221; global_colors_info=&#8221;{}&#8221; padding_phone=&#8221;||||false|false&#8221; padding_tablet=&#8221;|10%||10%|false|true&#8221; padding_last_edited=&#8221;on|tablet&#8221; custom_padding__hover=&#8221;|||&#8221;][et_pb_text _builder_version=&#8221;4.11.2&#8243; text_font=&#8221;||||||||&#8221; text_font_size=&#8221;16px&#8221; text_line_height=&#8221;1.9em&#8221; header_font=&#8221;||||||||&#8221; header_2_font=&#8221;Playfair Display|700|||||||&#8221; header_2_font_size=&#8221;40px&#8221; header_2_line_height=&#8221;1.5em&#8221; header_6_font=&#8221;||||||||&#8221; max_width=&#8221;600px&#8221; max_width_last_edited=&#8221;off|desktop&#8221; custom_margin=&#8221;|||&#8221; custom_padding=&#8221;|||&#8221; hover_enabled=&#8221;0&#8243; header_2_font_size_tablet=&#8221;30px&#8221; header_2_font_size_phone=&#8221;24px&#8221; header_2_font_size_last_edited=&#8221;on|phone&#8221; locked=&#8221;off&#8221; global_colors_info=&#8221;{}&#8221; header_4_font=&#8221;|700|||||||&#8221; sticky_enabled=&#8221;0&#8243;]<\/p>\n<h2>Poliza de Seguro<\/h2>\n<h3 style=\"text-align: justify;\"><\/h3>\n<p style=\"text-align: justify;\">Es una p\u00f3liza que protege contra los riesgos relacionados con el transporte de bienes desde su punto de origen hasta su destino final. Este tipo de seguro salvaguarda a las empresas y propietarios de mercanc\u00edas ante posibles p\u00e9rdidas o da\u00f1os que puedan surgir durante el traslado por medios terrestres, mar\u00edtimos, a\u00e9reos o ferroviarios. La cobertura puede incluir situaciones como accidentes, robos, da\u00f1os por manejo inadecuado, desastres naturales y otros imprevistos que puedan comprometer la integridad de la mercanc\u00eda.<\/p>\n<p style=\"text-align: justify;\">\n<h4 style=\"text-align: justify;\">Cobertura Todo Riesgo o Full Cover \u2013 Mercanc\u00eda General<\/h4>\n<p style=\"text-align: justify;\">La Cobertura Todo Riesgo o Full Cover para Mercanc\u00eda General ofrece una protecci\u00f3n completa para las mercanc\u00edas durante su transporte. Esto implica que casi cualquier tipo de da\u00f1o o p\u00e9rdida experimentada por la mercanc\u00eda est\u00e1 cubierta, excepto las exclusiones espec\u00edficas mencionadas en la p\u00f3liza. Las caracter\u00edsticas principales de esta cobertura incluyen:<\/p>\n<ul style=\"text-align: justify;\">\n<li><strong>Da\u00f1os f\u00edsicos a la mercanc\u00eda<\/strong>: Cubre cualquier da\u00f1o que pueda sufrir la mercanc\u00eda debido a eventos accidentales, como colisiones, volcaduras, incendios, inundaciones, entre otros.<\/li>\n<li><strong>Robo o p\u00e9rdida<\/strong>: Protege contra el robo de la mercanc\u00eda durante el transporte, as\u00ed como la p\u00e9rdida total o parcial de la misma.<\/li>\n<li><strong>Da\u00f1os por manipulaci\u00f3n<\/strong>: Cubre da\u00f1os causados por la manipulaci\u00f3n durante la carga y descarga de la mercanc\u00eda.<\/li>\n<li><strong>Desastres naturales<\/strong>: Incluye cobertura por eventos como terremotos, huracanes, tormentas y otros fen\u00f3menos naturales que puedan afectar el transporte.<\/li>\n<\/ul>\n<p style=\"text-align: justify;\">\n<h4 style=\"text-align: justify;\">Cobertura Full Cover (Todo Riesgo) basada en las ADS 1973\/84<\/h4>\n<p style=\"text-align: justify;\">La Cobertura Full Cover (Todo Riesgo) basada en las ADS 1973\/84 se refiere a un tipo de p\u00f3liza que sigue las cl\u00e1usulas establecidas por el Institute Cargo Clauses (A) de 1973\/84. Las ADS (All Risks, o Todo Riesgo) 1973\/84 son un conjunto de t\u00e9rminos est\u00e1ndar utilizados internacionalmente para definir las condiciones de cobertura en seguros de transporte mar\u00edtimo. Estas cl\u00e1usulas son ampliamente aceptadas y proporcionan una estructura clara y comprensible para las coberturas de seguros. Las caracter\u00edsticas principales de esta cobertura incluyen:<\/p>\n<ul style=\"text-align: justify;\">\n<li><strong>Cobertura amplia<\/strong>: Similar a la Cobertura Todo Riesgo general, cubre casi cualquier eventualidad que pueda causar da\u00f1o o p\u00e9rdida de la mercanc\u00eda, a menos que est\u00e9 espec\u00edficamente excluida en la p\u00f3liza.<\/li>\n<li><strong>Exclusiones espec\u00edficas<\/strong>: Aunque la cobertura es amplia, hay exclusiones comunes que generalmente incluyen da\u00f1os por actos de guerra, terrorismo, negligencia intencional del asegurado, y otros riesgos espec\u00edficos listados en la p\u00f3liza.<\/li>\n<li><strong>Est\u00e1ndar internacional<\/strong>: Las cl\u00e1usulas ADS 1973\/84 son reconocidas y utilizadas internacionalmente, lo que facilita la comprensi\u00f3n y el acuerdo entre aseguradores y asegurados en diferentes pa\u00edses.<\/li>\n<\/ul>\n<p style=\"text-align: justify;\">\n<h4 style=\"text-align: justify;\">Alcance:<\/h4>\n<ul style=\"text-align: justify;\">\n<li><strong>Puerta a Puerta<\/strong><\/li>\n<li><strong>Aver\u00eda Gruesa<\/strong><\/li>\n<li><strong>El momento de la carga y la descarga<\/strong><\/li>\n<li><strong>Hasta un total de 60 d\u00edas en dep\u00f3sitos intermedios<\/strong><\/li>\n<li><strong>Nuestras coberturas no poseen deducibles<\/strong><\/li>\n<\/ul>\n<p style=\"text-align: justify;\"><strong><\/strong><\/p>\n<h4 style=\"text-align: justify;\">Documentaci\u00f3n m\u00ednima a presentar en caso de reclamo o p\u00e9rdida de la mercanc\u00eda, es la siguiente:<\/h4>\n<ul style=\"text-align: justify;\">\n<li><strong>P\u00f3liza de Seguro<\/strong><\/li>\n<li><strong>Claim Bill<\/strong>: Carta de reclamo dirigida a la aseguradora que indica su certificado, donde debe constar una breve descripci\u00f3n de lo sucedido y un detalle de la mercanc\u00eda afectada en monto (d\u00f3lares) y especie (cajas, pallets, piezas, etc.)<\/li>\n<li><strong>Factura Comercial<\/strong><\/li>\n<li><strong>Copia de los documentos de transporte<\/strong> (AWB, BL o Carta de Porte)<\/li>\n<li><strong>Carta de protesto formal<\/strong>: Dirigida a los eventuales responsables del da\u00f1o y\/o p\u00e9rdida, a trav\u00e9s de la cual el beneficiario responsabiliza a terceras partes que intervengan en la operaci\u00f3n<\/li>\n<li><strong>Packing list<\/strong><\/li>\n<li><strong>Documento de entrega<\/strong> (Remito\/Gu\u00eda de remisi\u00f3n)<\/li>\n<li><strong>Fotos digitales<\/strong><\/li>\n<\/ul>\n<h4 style=\"text-align: justify;\">En caso de mercanc\u00eda perecedera deber\u00e1 agregarse:<\/h4>\n<ul style=\"text-align: justify;\">\n<li><strong>Carta de Fr\u00edo<\/strong><\/li>\n<li><strong>Survey Preembarque y reporte<\/strong><\/li>\n<li><strong>Lectura de term\u00f3grafos<\/strong><\/li>\n<li><strong>Packing List<\/strong><\/li>\n<\/ul>\n<h4 style=\"text-align: justify;\">En el caso de efectos personales:<\/h4>\n<ul style=\"text-align: justify;\">\n<li><strong>Packing List valorizado y firmado por el cliente<\/strong><\/li>\n<\/ul>\n<p style=\"text-align: justify;\"><strong><\/strong><\/p>\n<p style=\"text-align: justify;\"><strong>IMPORTANTE<\/strong>: La presentaci\u00f3n tard\u00eda de esta documentaci\u00f3n obligatoria retrasa la resoluci\u00f3n del reclamo en debida forma.<\/p>\n<p>[\/et_pb_text][\/et_pb_column][\/et_pb_row][\/et_pb_section][et_pb_section fb_built=&#8221;1&#8243; custom_padding_last_edited=&#8221;on|phone&#8221; admin_label=&#8221;Workshops CTA&#8221; _builder_version=&#8221;3.22&#8243; custom_padding=&#8221;54px|0px|110px|0px|false|false&#8221; custom_padding_tablet=&#8221;&#8221; custom_padding_phone=&#8221;||60px|&#8221; global_colors_info=&#8221;{}&#8221;][et_pb_row _builder_version=&#8221;3.25&#8243; global_colors_info=&#8221;{}&#8221;][et_pb_column type=&#8221;4_4&#8243; _builder_version=&#8221;3.25&#8243; custom_padding=&#8221;|||&#8221; global_colors_info=&#8221;{}&#8221; custom_padding__hover=&#8221;|||&#8221;][et_pb_cta title=&#8221;Somos tus aliados logisticos&#8221; button_url=&#8221;https:\/\/hebronlogistic.com\/contacto\/&#8221; button_text=&#8221;Contactar&#8221; admin_label=&#8221;CTA&#8221; _builder_version=&#8221;4.11.2&#8243; header_font=&#8221;Playfair Display|700|||||||&#8221; header_font_size=&#8221;40px&#8221; header_line_height=&#8221;1.5em&#8221; body_font=&#8221;||||||||&#8221; body_font_size=&#8221;16px&#8221; body_line_height=&#8221;1.9em&#8221; background_color=&#8221;#140e64&#8243; custom_button=&#8221;on&#8221; button_text_size=&#8221;16px&#8221; button_text_color=&#8221;#ffffff&#8221; button_bg_color=&#8221;rgba(255,255,255,0.1)&#8221; button_border_width=&#8221;10px&#8221; button_border_color=&#8221;rgba(210,159,104,0)&#8221; button_border_radius=&#8221;100px&#8221; button_font=&#8221;Lato|900|||||||&#8221; button_use_icon=&#8221;off&#8221; max_width=&#8221;900px&#8221; max_width_last_edited=&#8221;off|desktop&#8221; module_alignment=&#8221;center&#8221; custom_margin=&#8221;|||&#8221; custom_padding=&#8221;60px|40px|60px|40px|true|true&#8221; animation_style=&#8221;zoom&#8221; animation_intensity_zoom=&#8221;2%&#8221; header_font_size_tablet=&#8221;30px&#8221; header_font_size_phone=&#8221;24px&#8221; header_font_size_last_edited=&#8221;on|phone&#8221; box_shadow_style=&#8221;preset3&#8243; box_shadow_vertical=&#8221;100px&#8221; box_shadow_blur=&#8221;100px&#8221; box_shadow_spread=&#8221;-60px&#8221; button_text_color_hover=&#8221;#3550a0&#8243; button_bg_color_hover=&#8221;#ffffff&#8221; global_colors_info=&#8221;{}&#8221; button_text_size__hover_enabled=&#8221;off&#8221; button_one_text_size__hover_enabled=&#8221;off&#8221; button_two_text_size__hover_enabled=&#8221;off&#8221; button_text_color__hover_enabled=&#8221;on&#8221; button_text_color__hover=&#8221;#3550a0&#8243; button_one_text_color__hover_enabled=&#8221;off&#8221; button_two_text_color__hover_enabled=&#8221;off&#8221; button_border_width__hover_enabled=&#8221;off&#8221; button_one_border_width__hover_enabled=&#8221;off&#8221; button_two_border_width__hover_enabled=&#8221;off&#8221; button_border_color__hover_enabled=&#8221;off&#8221; button_one_border_color__hover_enabled=&#8221;off&#8221; button_two_border_color__hover_enabled=&#8221;off&#8221; button_border_radius__hover_enabled=&#8221;off&#8221; button_one_border_radius__hover_enabled=&#8221;off&#8221; button_two_border_radius__hover_enabled=&#8221;off&#8221; button_letter_spacing__hover_enabled=&#8221;off&#8221; button_one_letter_spacing__hover_enabled=&#8221;off&#8221; button_two_letter_spacing__hover_enabled=&#8221;off&#8221; button_bg_color__hover_enabled=&#8221;on&#8221; button_bg_color__hover=&#8221;#ffffff&#8221; button_one_bg_color__hover_enabled=&#8221;off&#8221; button_two_bg_color__hover_enabled=&#8221;off&#8221;]<\/p>\n<p style=\"text-align: justify;\">En Hebron Logistic, somos expertos en transporte de carga internacional, ofreciendo soluciones integrales para tus necesidades log\u00edsticas. Ya sea por tierra, aire o mar, garantizamos la entrega segura y puntual de tu mercanc\u00eda a cualquier destino global. Con nuestro enfoque personalizado y una red de socios estrat\u00e9gicos, facilitamos el comercio internacional y aseguramos que tu negocio siga avanzando sin fronteras.<\/p>\n<p>[\/et_pb_cta][\/et_pb_column][\/et_pb_row][\/et_pb_section]<\/p>\n","protected":false},"excerpt":{"rendered":"<p>Poliza de Seguro Es una p\u00f3liza que protege contra los riesgos relacionados con el transporte de bienes desde su punto de origen hasta su destino final. Este tipo de seguro salvaguarda a las empresas y propietarios de mercanc\u00edas ante posibles p\u00e9rdidas o da\u00f1os que puedan surgir durante el traslado por medios terrestres, mar\u00edtimos, a\u00e9reos o [&hellip;]<\/p>\n","protected":false},"author":2,"featured_media":0,"parent":0,"menu_order":0,"comment_status":"closed","ping_status":"closed","template":"","meta":{"_et_pb_use_builder":"on","_et_pb_old_content":"","_et_gb_content_width":"","footnotes":""},"class_list":["post-65","page","type-page","status-publish","hentry"],"aioseo_notices":[],"_links":{"self":[{"href":"https:\/\/hebronlogistic.com\/en\/wp-json\/wp\/v2\/pages\/65","targetHints":{"allow":["GET"]}}],"collection":[{"href":"https:\/\/hebronlogistic.com\/en\/wp-json\/wp\/v2\/pages"}],"about":[{"href":"https:\/\/hebronlogistic.com\/en\/wp-json\/wp\/v2\/types\/page"}],"author":[{"embeddable":true,"href":"https:\/\/hebronlogistic.com\/en\/wp-json\/wp\/v2\/users\/2"}],"replies":[{"embeddable":true,"href":"https:\/\/hebronlogistic.com\/en\/wp-json\/wp\/v2\/comments?post=65"}],"version-history":[{"count":5,"href":"https:\/\/hebronlogistic.com\/en\/wp-json\/wp\/v2\/pages\/65\/revisions"}],"predecessor-version":[{"id":25634,"href":"https:\/\/hebronlogistic.com\/en\/wp-json\/wp\/v2\/pages\/65\/revisions\/25634"}],"wp:attachment":[{"href":"https:\/\/hebronlogistic.com\/en\/wp-json\/wp\/v2\/media?parent=65"}],"curies":[{"name":"wp","href":"https:\/\/api.w.org\/{rel}","templated":true}]}}